{"id":4120,"date":"2015-12-02T17:10:03","date_gmt":"2015-12-02T16:10:03","guid":{"rendered":"http:\/\/amplitude.mu\/WP\/?page_id=4120"},"modified":"2025-10-30T15:33:34","modified_gmt":"2025-10-30T14:33:34","slug":"europe","status":"publish","type":"page","link":"http:\/\/amplitude.mu\/WP\/europe\/","title":{"rendered":"Europe"},"content":{"rendered":"\n<div class=\"main-content master-section-content no-detect default-padding\">\n<div class=\"container\">\n<div class=\"row\">\n<div class=\"col-md-12 normal-column\">\n<div class=\"az-accordion panel-group\" role=\"tablist\" aria-multiselectable=\"true\">\n<div class=\"panel panel-default\">\n\t<div class=\"panel-heading\" role=\"tab\" id=\"allemagne\">\n\t\t<h4 class=\"panel-title\">\n\t    \t<a data-toggle=\"collapse\" data-parent=\"#ALLEMAGNE\" href=\"#az-acc-69d328e75670d-allemagne\" aria-expanded=\"true\" aria-controls=\"az-acc69d328e75670d-allemagne\">ALLEMAGNE<\/a>\n\t  \t<\/h4>\n\t<\/div>\n\t<div id=\"az-acc-69d328e75670d-allemagne\" class=\"panel-collapse collapse\" role=\"tabpanel\" aria-labelledby=\"allemagne\">\n\t\t<div class=\"panel-body\">\n\t\t\t\n<div class=\"text-block\">\n<p style=\"text-align: center;\"><strong>COMPOSITEURS <\/strong><\/p>\n<p style=\"text-align: center;\">Julian Boyd<br \/>\nCurt Cress<br \/>\nKlaus Doldinger<br \/>\nAxel Donner<br \/>\nG\u00fcnther Fischer<br \/>\nHans Franek<br \/>\nIngo Frenzel<br \/>\nJan Krzyzostaniak<br \/>\nRainer Lingk<br \/>\nUlrich Rassy<br \/>\nGeorg Reichelt<br \/>\nG\u00fcnther Ress<br \/>\nAndreas Sch\u00e4fer<br \/>\nChristoph Scha\u00fcer<br \/>\nJochen Schmidt<br \/>\nFerenc Snetberger<br \/>\nThomas Stelzer<br \/>\nHans Wiedemann<br \/>\nFrank &amp; Stefan Wulff<\/p>\n<p style=\"text-align: center;\"><strong>EDITEURS<\/strong><br \/>\nAMA verlag<br \/>\nAlexander Films<br \/>\nKlangraum<br \/>\nLOOKS Filmproduktion<br \/>\nMona Davis Music<br \/>\nTelstar Music<br \/>\nWantok Music<\/p>\n\n<\/div> \n\n\t\t<\/div>\n\t<\/div>\n<\/div>\n<div class=\"panel panel-default\">\n\t<div class=\"panel-heading\" role=\"tab\" id=\"autriche\">\n\t\t<h4 class=\"panel-title\">\n\t    \t<a data-toggle=\"collapse\" href=\"#az-acc-69d328e7569ee-autriche\" aria-expanded=\"true\" aria-controls=\"az-acc69d328e7569ee-autriche\">AUTRICHE<\/a>\n\t  \t<\/h4>\n\t<\/div>\n\t<div id=\"az-acc-69d328e7569ee-autriche\" class=\"panel-collapse collapse\" role=\"tabpanel\" aria-labelledby=\"autriche\">\n\t\t<div class=\"panel-body\">\n\t\t\t\n<div class=\"text-block\">\n<p style=\"text-align: center;\"><strong>COMPOSITEURS<\/strong><br \/>\nChristof Dienz<\/p>\n<p style=\"text-align: center;\"><strong>EDITEUR<\/strong><br \/>\nSchedler Music<\/p>\n\n<\/div> \n\n\t\t<\/div>\n\t<\/div>\n<\/div>\n<div class=\"panel panel-default\">\n\t<div class=\"panel-heading\" role=\"tab\" id=\"belgique\">\n\t\t<h4 class=\"panel-title\">\n\t    \t<a data-toggle=\"collapse\" href=\"#az-acc-69d328e756b4a-belgique\" aria-expanded=\"true\" aria-controls=\"az-acc69d328e756b4a-belgique\">BELGIQUE<\/a>\n\t  \t<\/h4>\n\t<\/div>\n\t<div id=\"az-acc-69d328e756b4a-belgique\" class=\"panel-collapse collapse\" role=\"tabpanel\" aria-labelledby=\"belgique\">\n\t\t<div class=\"panel-body\">\n\t\t\t\n<div class=\"text-block\">\n<p style=\"text-align: center;\"><strong>COMPOSITEURS<\/strong><br \/>\nLuc Baiwir<br \/>\nThierry De Mey<br \/>\nYvan Georgiev<br \/>\nHughes Mar\u00e9chal<br \/>\nHenri Seroka<\/p>\n\n<\/div> \n\n\t\t<\/div>\n\t<\/div>\n<\/div>\n<div class=\"panel panel-default\">\n\t<div class=\"panel-heading\" role=\"tab\" id=\"bosnie\">\n\t\t<h4 class=\"panel-title\">\n\t    \t<a data-toggle=\"collapse\" href=\"#az-acc-69d328e756c8f-bosnie\" aria-expanded=\"true\" aria-controls=\"az-acc69d328e756c8f-bosnie\">BOSNIE<\/a>\n\t  \t<\/h4>\n\t<\/div>\n\t<div id=\"az-acc-69d328e756c8f-bosnie\" class=\"panel-collapse collapse\" role=\"tabpanel\" aria-labelledby=\"bosnie\">\n\t\t<div class=\"panel-body\">\n\t\t\t\n<div class=\"text-block\">\n<p style=\"text-align: center;\"><strong>COMPOSITEURS<\/strong><br \/>\nMiroslav TAHIROVIC<\/p>\n\n<\/div> \n\n\t\t<\/div>\n\t<\/div>\n<\/div>\n<div class=\"panel panel-default\">\n\t<div class=\"panel-heading\" role=\"tab\" id=\"danemark\">\n\t\t<h4 class=\"panel-title\">\n\t    \t<a data-toggle=\"collapse\" href=\"#az-acc-69d328e756dc2-danemark\" aria-expanded=\"true\" aria-controls=\"az-acc69d328e756dc2-danemark\">DANEMARK<\/a>\n\t  \t<\/h4>\n\t<\/div>\n\t<div id=\"az-acc-69d328e756dc2-danemark\" class=\"panel-collapse collapse\" role=\"tabpanel\" aria-labelledby=\"danemark\">\n\t\t<div class=\"panel-body\">\n\t\t\t\n<div class=\"text-block\">\n<p style=\"text-align: center;\"><strong>COMPOSITEURS<\/strong><br \/>\nSteffen Breum<br \/>\nJonas Colstrup<br \/>\nNikolaj Egelund<br \/>\nKarsten Fundal<br \/>\nJoachim Holbek<br \/>\nSoren Hyldgaard<br \/>\nJeppe Kaas<br \/>\nGeorge Keller<br \/>\nPeter Kyed<br \/>\nJorgen Lauritsen<br \/>\nNils Lassen<br \/>\nJacob Moth<br \/>\nFlemming Nordkrog<br \/>\nPeter Schneidermann<br \/>\nTin Soheili<br \/>\nMorten Svenstrup<\/p>\n<p style=\"text-align: center;\"><strong>EDITEURS<\/strong><br \/>\nLYNGDAHL Music<\/p>\n\n<\/div> \n\n\t\t<\/div>\n\t<\/div>\n<\/div>\n<div class=\"panel panel-default\">\n\t<div class=\"panel-heading\" role=\"tab\" id=\"espagne\">\n\t\t<h4 class=\"panel-title\">\n\t    \t<a data-toggle=\"collapse\" href=\"#az-acc-69d328e756f0c-espagne\" aria-expanded=\"true\" aria-controls=\"az-acc69d328e756f0c-espagne\">ESPAGNE<\/a>\n\t  \t<\/h4>\n\t<\/div>\n\t<div id=\"az-acc-69d328e756f0c-espagne\" class=\"panel-collapse collapse\" role=\"tabpanel\" aria-labelledby=\"espagne\">\n\t\t<div class=\"panel-body\">\n\t\t\t\n<div class=\"text-block\">\n<p style=\"text-align: center;\"><strong>COMPOSITEURS<\/strong><br \/>\nJos\u00e9 Nieto<br \/>\nSanti Vega<br \/>\nJaume Carreras<br \/>\nBernardo Bonezzi<br \/>\nAlejandro Rom\u00e0n<br \/>\nRudy Gnutti<br \/>\nMariano Marin<br \/>\nManel Gil<br \/>\nDavid Giro<br \/>\nBingen Mendizabal<br \/>\nAranzazu Calleja<br \/>\nJuan Bardem<br \/>\nAnton Garcia Abril<br \/>\nEnric Murillo<br \/>\nMario de Benito<br \/>\nJosep Costa<br \/>\nGregorio Garcia Segura<br \/>\nCarles Mateu<br \/>\nVicente Chust<br \/>\nJose Raphael Vizcaino Cambra<br \/>\nAlejandro Monleon Azcona<\/p>\n<p style=\"text-align: center;\"><strong>EDITEURS<\/strong><br \/>\nNEW ATLANTIS<br \/>\nHEAVEN Music<br \/>\nJINGLE BOX<br \/>\nEDITORIAL EGYSON<\/p>\n\n<\/div> \n\n\t\t<\/div>\n\t<\/div>\n<\/div>\n<div class=\"panel panel-default\">\n\t<div class=\"panel-heading\" role=\"tab\" id=\"finlande\">\n\t\t<h4 class=\"panel-title\">\n\t    \t<a data-toggle=\"collapse\" href=\"#az-acc-69d328e75705b-finlande\" aria-expanded=\"true\" aria-controls=\"az-acc69d328e75705b-finlande\">FINLANDE<\/a>\n\t  \t<\/h4>\n\t<\/div>\n\t<div id=\"az-acc-69d328e75705b-finlande\" class=\"panel-collapse collapse\" role=\"tabpanel\" aria-labelledby=\"finlande\">\n\t\t<div class=\"panel-body\">\n\t\t\t\n<div class=\"text-block\">\n<p style=\"text-align: center;\"><strong>COMPOSITEURS<\/strong><br \/>\nTimo Hietala<br \/>\nPeter Malyshev<br \/>\nPete Matara<\/p>\n\n<\/div> \n\n\t\t<\/div>\n\t<\/div>\n<\/div>\n<div class=\"panel panel-default\">\n\t<div class=\"panel-heading\" role=\"tab\" id=\"france\">\n\t\t<h4 class=\"panel-title\">\n\t    \t<a data-toggle=\"collapse\" href=\"#az-acc-69d328e757183-france\" aria-expanded=\"true\" aria-controls=\"az-acc69d328e757183-france\">FRANCE<\/a>\n\t  \t<\/h4>\n\t<\/div>\n\t<div id=\"az-acc-69d328e757183-france\" class=\"panel-collapse collapse\" role=\"tabpanel\" aria-labelledby=\"france\">\n\t\t<div class=\"panel-body\">\n\t\t\t\n<div class=\"text-block\">\n<p style=\"text-align: center;\"><strong>COMPOSITEURS<\/strong><br \/>\nBruno Alexiu<br \/>\nMarc Hillman<br \/>\nFr\u00e9d\u00e9ric Rousseau<br \/>\nMichel Arbatz<br \/>\nBernard Lubat<br \/>\nJean-Marie S\u00e9nia<br \/>\nPascal Bantz<br \/>\nPhilippe Miller<br \/>\nJean Paul Vigier<br \/>\nNicolas Becker<br \/>\nL\u00e9on Milo<br \/>\nNicolas Wegrow<br \/>\nBernard Cavanna<br \/>\nStephane Zidi<br \/>\nMartin Wheeler<br \/>\nJ\u00e9rome Coullet<br \/>\nJean Musy<br \/>\nCharles Court<br \/>\nCarolin Petit<br \/>\nFranck Gervais<br \/>\nMarc Perrone<br \/>\nPierre-Andr\u00e9 Athan\u00e9<br \/>\nFran\u00e7ois Tusques<br \/>\nBaptiste Brice<br \/>\nHenri S\u00e9roka<br \/>\nEric Chevalier<br \/>\nFr\u00e9d\u00e9ric Rousseau<br \/>\nChristian Fabre-Dit-Garrus<br \/>\nOlivier Pianko<br \/>\nEvgueni Galperine<br \/>\nPascal Perino<br \/>\nSacha Galperine<br \/>\nKarim Lekehal<br \/>\nPierre Porte<\/p>\n\n<\/div> \n\n\t\t<\/div>\n\t<\/div>\n<\/div>\n<div class=\"panel panel-default\">\n\t<div class=\"panel-heading\" role=\"tab\" id=\"grece\">\n\t\t<h4 class=\"panel-title\">\n\t    \t<a data-toggle=\"collapse\" href=\"#az-acc-69d328e75732a-grece\" aria-expanded=\"true\" aria-controls=\"az-acc69d328e75732a-grece\">GRECE<\/a>\n\t  \t<\/h4>\n\t<\/div>\n\t<div id=\"az-acc-69d328e75732a-grece\" class=\"panel-collapse collapse\" role=\"tabpanel\" aria-labelledby=\"grece\">\n\t\t<div class=\"panel-body\">\n\t\t\t\n<div class=\"text-block\">\n<p style=\"text-align: center;\"><strong>COMPOSITEURS<\/strong><br \/>\nNikos Kypourgos<br \/>\nAkis Daoutis<br \/>\nChristos Gartzos<br \/>\nGeorges Papadakis<br \/>\nPanayotis Kalantzopoulos<br \/>\nMaro Theodorakis<\/p>\n\n<\/div> \n\n\t\t<\/div>\n\t<\/div>\n<\/div>\n<div class=\"panel panel-default\">\n\t<div class=\"panel-heading\" role=\"tab\" id=\"italie\">\n\t\t<h4 class=\"panel-title\">\n\t    \t<a data-toggle=\"collapse\" href=\"#az-acc-69d328e757452-italie\" aria-expanded=\"true\" aria-controls=\"az-acc69d328e757452-italie\">ITALIE<\/a>\n\t  \t<\/h4>\n\t<\/div>\n\t<div id=\"az-acc-69d328e757452-italie\" class=\"panel-collapse collapse\" role=\"tabpanel\" aria-labelledby=\"italie\">\n\t\t<div class=\"panel-body\">\n\t\t\t\n<div class=\"text-block\">\n<p style=\"text-align: center;\"><strong>COMPOSITEURS<\/strong><br \/>\nGian Lucas Ducros<br \/>\nClaudio &amp; Romano Farinatti<br \/>\nCarlo Savina<br \/>\nFurio Bozzetti<br \/>\nRainer Lingk<br \/>\nPiero Leonardi<br \/>\nFlavio Ibba<br \/>\nPiero Montanari<br \/>\nLuigi Venegoni<\/p>\n<p style=\"text-align: center;\"><strong>EDITEURS<\/strong><br \/>\nBEAT Records<br \/>\nNATIONAL MUSIC\u00a0\u00a0 \u00a0SONOR FILMS<br \/>\nIDRA<br \/>\nEMERGENCY<br \/>\nCHIAPPO<br \/>\nPRIMA<br \/>\nEAR<br \/>\nWEST<br \/>\nPONTEVECCHIO<\/p>\n\n<\/div> \n\n\t\t<\/div>\n\t<\/div>\n<\/div>\n<div class=\"panel panel-default\">\n\t<div class=\"panel-heading\" role=\"tab\" id=\"islande\">\n\t\t<h4 class=\"panel-title\">\n\t    \t<a data-toggle=\"collapse\" href=\"#az-acc-69d328e7575b3-islande\" aria-expanded=\"true\" aria-controls=\"az-acc69d328e7575b3-islande\">ISLANDE<\/a>\n\t  \t<\/h4>\n\t<\/div>\n\t<div id=\"az-acc-69d328e7575b3-islande\" class=\"panel-collapse collapse\" role=\"tabpanel\" aria-labelledby=\"islande\">\n\t\t<div class=\"panel-body\">\n\t\t\t\n<div class=\"text-block\">\n<p style=\"text-align: center;\"><strong>COMPOSITEURS<\/strong><br \/>\nVeigar Margeirsson<\/p>\n\n<\/div> \n\n\t\t<\/div>\n\t<\/div>\n<\/div>\n<div class=\"panel panel-default\">\n\t<div class=\"panel-heading\" role=\"tab\" id=\"lithuanie\">\n\t\t<h4 class=\"panel-title\">\n\t    \t<a data-toggle=\"collapse\" href=\"#az-acc-69d328e7576e8-lithuanie\" aria-expanded=\"true\" aria-controls=\"az-acc69d328e7576e8-lithuanie\">LITHUANIE<\/a>\n\t  \t<\/h4>\n\t<\/div>\n\t<div id=\"az-acc-69d328e7576e8-lithuanie\" class=\"panel-collapse collapse\" role=\"tabpanel\" aria-labelledby=\"lithuanie\">\n\t\t<div class=\"panel-body\">\n\t\t\t\n<div class=\"text-block\">\n<p style=\"text-align: center;\"><strong>COMPOSITEURS<\/strong><br \/>\nKipras Masanauskas<\/p>\n\n<\/div> \n\n\t\t<\/div>\n\t<\/div>\n<\/div>\n<div class=\"panel panel-default\">\n\t<div class=\"panel-heading\" role=\"tab\" id=\"norvege\">\n\t\t<h4 class=\"panel-title\">\n\t    \t<a data-toggle=\"collapse\" href=\"#az-acc-69d328e757812-norvege\" aria-expanded=\"true\" aria-controls=\"az-acc69d328e757812-norvege\">NORVEGE<\/a>\n\t  \t<\/h4>\n\t<\/div>\n\t<div id=\"az-acc-69d328e757812-norvege\" class=\"panel-collapse collapse\" role=\"tabpanel\" aria-labelledby=\"norvege\">\n\t\t<div class=\"panel-body\">\n\t\t\t\n<div class=\"text-block\">\n<p style=\"text-align: center;\"><strong>COMPOSITEURS<\/strong><br \/>\nGinge<br \/>\nKnut Avenstroup Haugen<br \/>\n\u00d8istein Boassen<br \/>\nRagnar Bjerkreim<br \/>\nErlend Elvesveen<br \/>\nNicholas Sillitoe<\/p>\n\n<\/div> \n\n\t\t<\/div>\n\t<\/div>\n<\/div>\n<div class=\"panel panel-default\">\n\t<div class=\"panel-heading\" role=\"tab\" id=\"pays-bas\">\n\t\t<h4 class=\"panel-title\">\n\t    \t<a data-toggle=\"collapse\" href=\"#az-acc-69d328e75793d-pays-bas\" aria-expanded=\"true\" aria-controls=\"az-acc69d328e75793d-pays-bas\">PAYS-BAS<\/a>\n\t  \t<\/h4>\n\t<\/div>\n\t<div id=\"az-acc-69d328e75793d-pays-bas\" class=\"panel-collapse collapse\" role=\"tabpanel\" aria-labelledby=\"pays-bas\">\n\t\t<div class=\"panel-body\">\n\t\t\t\n<div class=\"text-block\">\n<p style=\"text-align: center;\"><strong>COMPOSITEURS<\/strong><br \/>\nHabbo Beem<br \/>\nRob Hauser<br \/>\nTheo Sieben<\/p>\n<p style=\"text-align: center;\"><strong>EDITEURS<\/strong><br \/>\nCopyright Power International (CPI)<br \/>\nNature Conservation Films<br \/>\n2Young Rights<br \/>\nCControl Publishing<\/p>\n\n<\/div> \n\n\t\t<\/div>\n\t<\/div>\n<\/div>\n<div class=\"panel panel-default\">\n\t<div class=\"panel-heading\" role=\"tab\" id=\"pologne\">\n\t\t<h4 class=\"panel-title\">\n\t    \t<a data-toggle=\"collapse\" href=\"#az-acc-69d328e757a6f-pologne\" aria-expanded=\"true\" aria-controls=\"az-acc69d328e757a6f-pologne\">POLOGNE<\/a>\n\t  \t<\/h4>\n\t<\/div>\n\t<div id=\"az-acc-69d328e757a6f-pologne\" class=\"panel-collapse collapse\" role=\"tabpanel\" aria-labelledby=\"pologne\">\n\t\t<div class=\"panel-body\">\n\t\t\t\n<div class=\"text-block\">\n<p style=\"text-align: center;\"><strong>COMPOSITEURS<\/strong><br \/>\nDariusz Zebrowski<br \/>\nAndrej Korzynski<br \/>\nAdam Novak<br \/>\nMichal Lorenc<br \/>\nZygmunt Konieczny<br \/>\nTomasz Gassowski<br \/>\nJanusz Stoklosa<br \/>\nKrzysztof\u00a0 Janczak<br \/>\nHenrik Kuzniak<br \/>\nHubert Zemler<br \/>\nJanusz Grzywacz<\/p>\n\n<\/div> \n\n\t\t<\/div>\n\t<\/div>\n<\/div>\n<div class=\"panel panel-default\">\n\t<div class=\"panel-heading\" role=\"tab\" id=\"portugal\">\n\t\t<h4 class=\"panel-title\">\n\t    \t<a data-toggle=\"collapse\" href=\"#az-acc-69d328e757b9b-portugal\" aria-expanded=\"true\" aria-controls=\"az-acc69d328e757b9b-portugal\">PORTUGAL<\/a>\n\t  \t<\/h4>\n\t<\/div>\n\t<div id=\"az-acc-69d328e757b9b-portugal\" class=\"panel-collapse collapse\" role=\"tabpanel\" aria-labelledby=\"portugal\">\n\t\t<div class=\"panel-body\">\n\t\t\t\n<div class=\"text-block\">\n<p style=\"text-align: center;\"><strong>COMPOSITEURS<\/strong><br \/>\nAlexandre Soares<br \/>\nJoao Paes<br \/>\nAntonio Pinho Vargas<br \/>\nJose Mario Branco<\/p>\n\n<\/div> \n\n\t\t<\/div>\n\t<\/div>\n<\/div>\n<div class=\"panel panel-default\">\n\t<div class=\"panel-heading\" role=\"tab\" id=\"royaume-uni\">\n\t\t<h4 class=\"panel-title\">\n\t    \t<a data-toggle=\"collapse\" href=\"#az-acc-69d328e757cc1-royaume-uni\" aria-expanded=\"true\" aria-controls=\"az-acc69d328e757cc1-royaume-uni\">ROYAUME UNI<\/a>\n\t  \t<\/h4>\n\t<\/div>\n\t<div id=\"az-acc-69d328e757cc1-royaume-uni\" class=\"panel-collapse collapse\" role=\"tabpanel\" aria-labelledby=\"royaume-uni\">\n\t\t<div class=\"panel-body\">\n\t\t\t\n<div class=\"text-block\">\n<p style=\"text-align: center;\"><strong>COMPOSITEURS<\/strong><br \/>\nMichael GIBBS<br \/>\nElizabeth PARKER<br \/>\nStephen PARSONS<br \/>\nRichard HARTLEY<br \/>\nNigel BEHAM-POWELL<br \/>\nSimon SLEATH<br \/>\nBill CONNOR<br \/>\nKen HOWARD<br \/>\nDavid AYERS<br \/>\nJohn SURMAN<br \/>\nNick BICAT<br \/>\nLaurence CEDAR<br \/>\nAndrew SKEET<br \/>\nLuke GORDON<br \/>\nFelix TOD<br \/>\nGlyn OWEN<br \/>\nTristin NORWELL<br \/>\nMatt NICHOLSON<br \/>\nAlex SWIFT<br \/>\nCorin BUCKERIDGE<br \/>\nDavid HAMILL<\/p>\n\n<\/div> \n\n\t\t<\/div>\n\t<\/div>\n<\/div>\n<div class=\"panel panel-default\">\n\t<div class=\"panel-heading\" role=\"tab\" id=\"russie\">\n\t\t<h4 class=\"panel-title\">\n\t    \t<a data-toggle=\"collapse\" href=\"#az-acc-69d328e757dff-russie\" aria-expanded=\"true\" aria-controls=\"az-acc69d328e757dff-russie\">RUSSIE<\/a>\n\t  \t<\/h4>\n\t<\/div>\n\t<div id=\"az-acc-69d328e757dff-russie\" class=\"panel-collapse collapse\" role=\"tabpanel\" aria-labelledby=\"russie\">\n\t\t<div class=\"panel-body\">\n\t\t\t\n<div class=\"text-block\">\n<p style=\"text-align: center;\"><strong><del><\/del>COMPOSITEURS<\/strong><br \/>\nVladimir Chekassine<br \/>\nSergy Evtushenko<br \/>\nDmitri Rybnikov<br \/>\nYuri Poteyenko<br \/>\nIvan Burlyaev<br \/>\nIvan Uryupin<br \/>\nMark Erman<br \/>\nAna Drubich<\/p>\n\n<\/div> \n\n\t\t<\/div>\n\t<\/div>\n<\/div>\n<div class=\"panel panel-default\">\n\t<div class=\"panel-heading\" role=\"tab\" id=\"serbie\">\n\t\t<h4 class=\"panel-title\">\n\t    \t<a data-toggle=\"collapse\" href=\"#az-acc-69d328e757f3d-serbie\" aria-expanded=\"true\" aria-controls=\"az-acc69d328e757f3d-serbie\">SERBIE<\/a>\n\t  \t<\/h4>\n\t<\/div>\n\t<div id=\"az-acc-69d328e757f3d-serbie\" class=\"panel-collapse collapse\" role=\"tabpanel\" aria-labelledby=\"serbie\">\n\t\t<div class=\"panel-body\">\n\t\t\t\n<div class=\"text-block\">\n<p style=\"text-align: center;\"><strong>COMPOSITEURS<\/strong><br \/>\nMiroslav TADIC<\/p>\n\n<\/div> \n\n\t\t<\/div>\n\t<\/div>\n<\/div>\n<div class=\"panel panel-default\">\n\t<div class=\"panel-heading\" role=\"tab\" id=\"slovenie\">\n\t\t<h4 class=\"panel-title\">\n\t    \t<a data-toggle=\"collapse\" href=\"#az-acc-69d328e75805f-slovenie\" aria-expanded=\"true\" aria-controls=\"az-acc69d328e75805f-slovenie\">SLOVENIE<\/a>\n\t  \t<\/h4>\n\t<\/div>\n\t<div id=\"az-acc-69d328e75805f-slovenie\" class=\"panel-collapse collapse\" role=\"tabpanel\" aria-labelledby=\"slovenie\">\n\t\t<div class=\"panel-body\">\n\t\t\t\n<div class=\"text-block\">\n<p style=\"text-align: center;\"><strong>COMPOSITEURS<\/strong><br \/>\nMichal Novinski<\/p>\n\n<\/div> \n\n\t\t<\/div>\n\t<\/div>\n<\/div>\n<div class=\"panel panel-default\">\n\t<div class=\"panel-heading\" role=\"tab\" id=\"suede\">\n\t\t<h4 class=\"panel-title\">\n\t    \t<a data-toggle=\"collapse\" href=\"#az-acc-69d328e75818a-suede\" aria-expanded=\"true\" aria-controls=\"az-acc69d328e75818a-suede\">SUEDE<\/a>\n\t  \t<\/h4>\n\t<\/div>\n\t<div id=\"az-acc-69d328e75818a-suede\" class=\"panel-collapse collapse\" role=\"tabpanel\" aria-labelledby=\"suede\">\n\t\t<div class=\"panel-body\">\n\t\t\t\n<div class=\"text-block\">\n<p style=\"text-align: center;\"><strong>COMPOSITEURS<\/strong><br \/>\nRagnar Grippe<br \/>\nJon Ekstrand<br \/>\nUlf Dageby<br \/>\nStefan Nilsson<br \/>\nJohan S\u00f6derqvist<br \/>\nMikael Sundin<br \/>\nJohan Nilsson<\/p>\n<p style=\"text-align: center;\"><strong>EDITEURS<\/strong><br \/>\nScandinature<\/p>\n\n<\/div> \n\n\t\t<\/div>\n\t<\/div>\n<\/div>\n<div class=\"panel panel-default\">\n\t<div class=\"panel-heading\" role=\"tab\" id=\"suisse\">\n\t\t<h4 class=\"panel-title\">\n\t    \t<a data-toggle=\"collapse\" href=\"#az-acc-69d328e7582c7-suisse\" aria-expanded=\"true\" aria-controls=\"az-acc69d328e7582c7-suisse\">SUISSE<\/a>\n\t  \t<\/h4>\n\t<\/div>\n\t<div id=\"az-acc-69d328e7582c7-suisse\" class=\"panel-collapse collapse\" role=\"tabpanel\" aria-labelledby=\"suisse\">\n\t\t<div class=\"panel-body\">\n\t\t\t\n<div class=\"text-block\">\n<p style=\"text-align: center;\"><strong>COMPOSITEURS<\/strong><br \/>\nKERA (Nicolas Pittet\/Christophe Farine\/S\u00e9bastien Gosteli)<\/p>\n\n<\/div> \n\n\t\t<\/div>\n\t<\/div>\n<\/div>\n<div class=\"panel panel-default\">\n\t<div class=\"panel-heading\" role=\"tab\" id=\"ukraine\">\n\t\t<h4 class=\"panel-title\">\n\t    \t<a data-toggle=\"collapse\" href=\"#az-acc-69d328e7583e6-ukraine\" aria-expanded=\"true\" aria-controls=\"az-acc69d328e7583e6-ukraine\">UKRAINE<\/a>\n\t  \t<\/h4>\n\t<\/div>\n\t<div id=\"az-acc-69d328e7583e6-ukraine\" class=\"panel-collapse collapse\" role=\"tabpanel\" aria-labelledby=\"ukraine\">\n\t\t<div class=\"panel-body\">\n\t\t\t\n<div class=\"text-block\">\n<p style=\"text-align: center;\"><strong>COMPOSITEURS<\/strong><br \/>\nNikita Moiseiev<br \/>\nAnton Baibakov<\/p>\n\n<\/div> \n\n\t\t<\/div>\n\t<\/div>\n<\/div>\n<\/div>\n<\/div>\n<div class=\"col-md-12 normal-column\">\n<\/div>\n<\/div>\n<\/div>\n<\/div>\n<div class=\"main-content master-section-content no-detect no-padding\">\n<div class=\"container\">\n<div class=\"row\">\n<div class=\"col-md-4 normal-column\">\n\t<div class=\"position-btn textalignleft\">\n\t\t<a  class=\"az-button default-btn-color\" href=\"http:\/\/amplitude.mu\/WP\/amerique\/\"><span>Amerique<\/span><\/a>\n\t<\/div>\n<\/div>\n<div class=\"col-md-4 normal-column\">\n\t<div class=\"position-btn textaligncenter\">\n\t\t<a  class=\"az-button default-btn-color\" href=\"http:\/\/amplitude.mu\/WP\/asie\/\"><span>Asie<\/span><\/a>\n\t<\/div>\n<\/div>\n<div class=\"col-md-4 normal-column\">\n\t<div class=\"position-btn textalignright\">\n\t\t<a  class=\"az-button default-btn-color\" href=\"http:\/\/amplitude.mu\/WP\/autres-pays\/\"><span>Autres pays<\/span><\/a>\n\t<\/div>\n<\/div>\n<\/div>\n<\/div>\n<\/div>\n<div class=\"main-content master-section-content no-detect no-padding\">\n<div class=\"container\">\n<div class=\"row\">\n<div class=\"col-md-12 normal-column\">\n\t<div class=\"blank-divider\" style=\"height: 50px;\"><\/div>\n\n<\/div>\n<\/div>\n<\/div>\n<\/div>\n","protected":false},"excerpt":{"rendered":"ALLEMAGNE COMPOSITEURS Julian Boyd Curt Cress Klaus Doldinger Axel Donner G\u00fcnther Fischer Hans Franek Ingo Frenzel Jan Krzyzostaniak Rainer Lingk Ulrich Rassy Georg Reichelt G\u00fcnther Ress Andreas Sch\u00e4fer Christoph Scha\u00fcer Jochen Schmidt Ferenc Snetberger Thomas Stelzer Hans Wiedemann Frank &amp; Stefan Wulff EDITEURS AMA verlag Alexander Films Klangraum LOOKS Filmproduktion Mona Davis Music Telstar Music [...]","protected":false},"author":1,"featured_media":0,"parent":0,"menu_order":0,"comment_status":"closed","ping_status":"closed","template":"","meta":[],"_links":{"self":[{"href":"http:\/\/amplitude.mu\/WP\/wp-json\/wp\/v2\/pages\/4120"}],"collection":[{"href":"http:\/\/amplitude.mu\/WP\/wp-json\/wp\/v2\/pages"}],"about":[{"href":"http:\/\/amplitude.mu\/WP\/wp-json\/wp\/v2\/types\/page"}],"author":[{"embeddable":true,"href":"http:\/\/amplitude.mu\/WP\/wp-json\/wp\/v2\/users\/1"}],"replies":[{"embeddable":true,"href":"http:\/\/amplitude.mu\/WP\/wp-json\/wp\/v2\/comments?post=4120"}],"version-history":[{"count":96,"href":"http:\/\/amplitude.mu\/WP\/wp-json\/wp\/v2\/pages\/4120\/revisions"}],"predecessor-version":[{"id":7093,"href":"http:\/\/amplitude.mu\/WP\/wp-json\/wp\/v2\/pages\/4120\/revisions\/7093"}],"wp:attachment":[{"href":"http:\/\/amplitude.mu\/WP\/wp-json\/wp\/v2\/media?parent=4120"}],"curies":[{"name":"wp","href":"https:\/\/api.w.org\/{rel}","templated":true}]}}