{"id":5197,"date":"2016-03-14T16:36:16","date_gmt":"2016-03-14T15:36:16","guid":{"rendered":"http:\/\/amplitude.mu\/WP\/?page_id=5197"},"modified":"2021-05-11T16:54:42","modified_gmt":"2021-05-11T15:54:42","slug":"peliculas-y-series","status":"publish","type":"page","link":"http:\/\/amplitude.mu\/WP\/peliculas-y-series\/?lang=es","title":{"rendered":"Peliculas y series"},"content":{"rendered":"\n<div class=\"main-content master-section-content no-detect no-padding\">\n<div class=\"container\">\n<div class=\"row\">\n<div class=\"col-md-12 normal-column\">\n\t<div id=\"filter-isotope\" class=\"portfolio-filter\">\n\t\t<div id=\"count-projects\"><span class=\"current-number\">00<\/span><span class=\"num-name\"> \/ R\u00e9r\u00e9rences<\/span><\/div>\n\t\t<ul>\n\t\t\t<li><a href=\"#\" class=\"has-items selected\" data-filter=\"*\">All<\/a><\/li>\n\t\t\t\t\t<li><a href=\"#\" data-filter=\".film-tvfilms-fr\">Films &amp; T\u00e9l\u00e9films<\/a><\/li>\n\t\t<\/ul>\n\t<\/div>\n<div id=\"portfolio-item-section\" class=\"portfolio-output grid-ly-portfolio classic-module infinite-scroll-pagination\">\n<\/div>\n\t<div class=\"portfolio-infinite-activated infinite-scroll\">\n\t\t<span class=\"preloader\"><\/span>\n\t\t<p class=\"end\">No More Posts<\/p>\n\t\t<a id=\"infinite-link\" href=\"http:\/\/amplitude.mu\/WP\/wp-json\/wp\/v2\/pages\/5197\/page\/2\/\">Load More Posts<\/a>\n\t<\/div>\n<\/div>\n<\/div>\n<\/div>\n<\/div>\n<div class=\"main-content master-section-content no-detect no-padding\">\n<div class=\"container\">\n<div class=\"row\">\n<div class=\"col-md-12 normal-column\">\n\t<div class=\"blank-divider\" style=\"height: 70px;\"><\/div>\n\n<\/div>\n<\/div>\n<\/div>\n<\/div>\n<div class=\"col-md-12 normal-column\">\n<\/div>\n<div class=\"main-content master-section-content no-detect no-padding\">\n<div class=\"container\">\n<div class=\"row\">\n<div class=\"col-md-12 normal-column\">\n<div class=\"text-block\">\n<p style=\"text-align: center;\"><strong>PELICULAS<\/strong><\/p>\n<p style=\"text-align: center;\">MARIE BESNARD L EMPOISONNEUSE\u00a0\u00a0\u00a0 (COURT Charles \/ PETIT Carolin)<br \/>\nLA VERITABLE HISTOIRE DU BUS 402 \u00a0\u00a0 (PERRONE Marc)<br \/>\nJORGE SEMPRUN L ECRITURE ET LA VIE\u00a0\u00a0\u00a0 (MUSY Jean)<br \/>\nLES DERNIERS ROMAINS\u00a0\u00a0\u00a0 (BAIWIR Luc)<br \/>\nTHE CONSUL OF BORDEAUX\u00a0\u00a0\u00a0 (SEROKA Henri)<\/p>\n\n<\/div> \n\n<\/div>\n<\/div>\n<\/div>\n<\/div>\n","protected":false},"excerpt":{"rendered":"00 \/ R\u00e9r\u00e9rences All Films &amp; T\u00e9l\u00e9films No More Posts Load More Posts PELICULAS MARIE BESNARD L EMPOISONNEUSE\u00a0\u00a0\u00a0 (COURT Charles \/ PETIT Carolin) LA VERITABLE HISTOIRE DU BUS 402 \u00a0\u00a0 (PERRONE Marc) JORGE SEMPRUN L ECRITURE ET LA VIE\u00a0\u00a0\u00a0 (MUSY Jean) LES DERNIERS ROMAINS\u00a0\u00a0\u00a0 (BAIWIR Luc) THE CONSUL OF BORDEAUX\u00a0\u00a0\u00a0 (SEROKA Henri)","protected":false},"author":1,"featured_media":0,"parent":0,"menu_order":0,"comment_status":"closed","ping_status":"closed","template":"","meta":[],"_links":{"self":[{"href":"http:\/\/amplitude.mu\/WP\/wp-json\/wp\/v2\/pages\/5197"}],"collection":[{"href":"http:\/\/amplitude.mu\/WP\/wp-json\/wp\/v2\/pages"}],"about":[{"href":"http:\/\/amplitude.mu\/WP\/wp-json\/wp\/v2\/types\/page"}],"author":[{"embeddable":true,"href":"http:\/\/amplitude.mu\/WP\/wp-json\/wp\/v2\/users\/1"}],"replies":[{"embeddable":true,"href":"http:\/\/amplitude.mu\/WP\/wp-json\/wp\/v2\/comments?post=5197"}],"version-history":[{"count":7,"href":"http:\/\/amplitude.mu\/WP\/wp-json\/wp\/v2\/pages\/5197\/revisions"}],"predecessor-version":[{"id":7042,"href":"http:\/\/amplitude.mu\/WP\/wp-json\/wp\/v2\/pages\/5197\/revisions\/7042"}],"wp:attachment":[{"href":"http:\/\/amplitude.mu\/WP\/wp-json\/wp\/v2\/media?parent=5197"}],"curies":[{"name":"wp","href":"https:\/\/api.w.org\/{rel}","templated":true}]}}