{"id":6174,"date":"2021-02-23T12:22:37","date_gmt":"2021-02-23T11:22:37","guid":{"rendered":"http:\/\/amplitude.mu\/WP\/?page_id=6174"},"modified":"2021-03-12T19:34:22","modified_gmt":"2021-03-12T18:34:22","slug":"catalogue-crc","status":"publish","type":"page","link":"http:\/\/amplitude.mu\/WP\/catalogue-crc\/","title":{"rendered":"catalogue crc"},"content":{"rendered":"\n<div class=\"main-content master-section-content no-detect no-padding\">\n<div class=\"container\">\n<div class=\"row\">\n<div class=\"col-md-12 normal-column\">\n\t<div id=\"filter-isotope\" class=\"portfolio-filter\">\n\t\t<div id=\"count-projects\"><span class=\"current-number\">00<\/span><span class=\"num-name\"> \/ R\u00e9r\u00e9rences<\/span><\/div>\n\t\t<ul>\n\t\t\t<li><a href=\"#\" class=\"has-items selected\" data-filter=\"*\">All<\/a><\/li>\n\t\t\t\t\t<li><a href=\"#\" data-filter=\".catalogue-crc\">catalogue crc<\/a><\/li>\n\t\t<\/ul>\n\t<\/div>\n<div id=\"portfolio-item-section\" class=\"portfolio-output grid-ly-portfolio classic-module infinite-scroll-pagination\">\n\t<div class=\"single-portfolio-item az-col-full-width-3\">\n\t\t\t\t<a class=\"classic-portfolio-box normal-type-prt\" href=\"http:\/\/amplitude.mu\/WP\/portfolio\/song-for-denise\/\" title=\"Song for denise\">\n\t\t\t\t\t<div class=\"portfolio-box\">\n\t\t\t\t\t\t<div class=\"portfolio-naming\">\n\t\t\t\t\t\t\t<h2 class=\"portfolio-title\">Song for denise<\/h2><\/div>\n\t\t\t\t\t<\/div>\n\t\t\t\t<\/a>\n\t\t\t\t<img src=\"http:\/\/amplitude.mu\/WP\/wp-content\/uploads\/2021\/02\/denise-700x700.jpg\" width=\"700\" height=\"700\" alt=\"Song for denise\" \/>\n\t\t\t\n    <\/div>\n<\/div>\n\t<div class=\"portfolio-infinite-activated infinite-scroll\">\n\t\t<span class=\"preloader\"><\/span>\n\t\t<p class=\"end\">No More Posts<\/p>\n\t\t<a id=\"infinite-link\" href=\"http:\/\/amplitude.mu\/WP\/wp-json\/wp\/v2\/pages\/6174\/page\/2\/\">Load More Posts<\/a>\n\t<\/div>\n<\/div>\n<\/div>\n<\/div>\n<\/div>\n<div class=\"main-content master-section-content no-detect no-padding\">\n<div class=\"container\">\n<div class=\"row\">\n<div class=\"col-md-12 normal-column\">\n\t<div class=\"blank-divider\" style=\"height: 20px;\"><\/div>\n\n<\/div>\n<\/div>\n<\/div>\n<\/div>\n<div class=\"main-content master-section-content no-detect no-padding\">\n<div class=\"container\">\n<div class=\"row\">\n<div class=\"col-md-12 normal-column\">\n<div class=\"text-block\">\n<p style=\"text-align: center;\"><u>Quelques autres chansons du catalogue CRC<\/u>\u00a0:<\/p>\n<p style=\"text-align: center;\">YEGELLE TEZETA, YEKERMO SEW, GUBELYE, NETSANET\u00a0\u00a0 (Musique\u00a0: MULATU ASTATKE)<\/p>\n<p style=\"text-align: center;\">ASTAWESALEHU, DANIEL, FEQER FEQER NEW\u2026\u00a0\u00a0 (Musique : DEMISSEW LEMMA)<\/p>\n<p style=\"text-align: center;\">HEYWETE, EWNET YET LEGEGNESH\u2026 (Musique : BAHTA GEBRA HEYWET)<\/p>\n<p style=\"text-align: center;\">MUZIQAWI SILT, ENKEN YELELEBESH, TCHE BELEW\u2026\u00a0\u00a0 (Musique : GIRMA BEYENE)<\/p>\n<p style=\"text-align: center;\">TEZETA, FEQER ENDEGENA \u2026\u00a0\u00a0 (Musique : MAHMOUD AHMED)<\/p>\n<p style=\"text-align: center;\">AMBASSEL, AKALE WUBE\u2026\u00a0\u00a0 (Musique : GETATCHEW MEKURIA)<\/p>\n<p style=\"text-align: center;\">ALTELEYESHEGNEM, TCHERO ADARI NEGN, TEME LES\u2026\u00a0\u00a0 (Musique : ALEMAYEHU ESHETE)<\/p>\n<p style=\"text-align: center;\">LES JARDINS DU CIEL et de nombreux tubes de JAIRO<\/p>\n<p style=\"text-align: center;\">WAKEMANIA\u00a0\u00a0 (Musique : JP DECERF &amp; GERARD ZAJD)<\/p>\n<p style=\"text-align: center;\">L\u2019UNIVERS DE LA MER\u00a0\u00a0 (Musique : DOMINIQUE GUIOT)<\/p>\n<p style=\"text-align: center;\">LA DAME A LA LICORNE\u00a0\u00a0 (Musique : DOMINIQUE GUIOT &amp; JAMES VIDAL)<\/p>\n<p style=\"text-align: center;\">HISTOIRE D\u20191 SOIR \u2013 BYE BYE LES GALERES (BIBI FLASH)<\/p>\n<p style=\"text-align: center;\">TOUT LE MONDE S\u2019AMUSE (Grouge REGRETS)<\/p>\n<p style=\"text-align: center;\">G\u00e9n\u00e9rique de la s\u00e9rie\u00a0\u00a0 SILAS, LA VIE EST UNE FOLIE<\/p>\n\n<\/div> \n\n<\/div>\n<\/div>\n<\/div>\n<\/div>\n","protected":false},"excerpt":{"rendered":"Catalogue CRC (Song for Denise) catalogue crc","protected":false},"author":1,"featured_media":0,"parent":0,"menu_order":0,"comment_status":"closed","ping_status":"closed","template":"","meta":[],"_links":{"self":[{"href":"http:\/\/amplitude.mu\/WP\/wp-json\/wp\/v2\/pages\/6174"}],"collection":[{"href":"http:\/\/amplitude.mu\/WP\/wp-json\/wp\/v2\/pages"}],"about":[{"href":"http:\/\/amplitude.mu\/WP\/wp-json\/wp\/v2\/types\/page"}],"author":[{"embeddable":true,"href":"http:\/\/amplitude.mu\/WP\/wp-json\/wp\/v2\/users\/1"}],"replies":[{"embeddable":true,"href":"http:\/\/amplitude.mu\/WP\/wp-json\/wp\/v2\/comments?post=6174"}],"version-history":[{"count":6,"href":"http:\/\/amplitude.mu\/WP\/wp-json\/wp\/v2\/pages\/6174\/revisions"}],"predecessor-version":[{"id":6944,"href":"http:\/\/amplitude.mu\/WP\/wp-json\/wp\/v2\/pages\/6174\/revisions\/6944"}],"wp:attachment":[{"href":"http:\/\/amplitude.mu\/WP\/wp-json\/wp\/v2\/media?parent=6174"}],"curies":[{"name":"wp","href":"https:\/\/api.w.org\/{rel}","templated":true}]}}