{"id":4617,"date":"2016-02-04T13:52:38","date_gmt":"2016-02-04T12:52:38","guid":{"rendered":"http:\/\/amplitude.mu\/WP\/?page_id=4617"},"modified":"2020-12-14T16:43:54","modified_gmt":"2020-12-14T15:43:54","slug":"documentales","status":"publish","type":"page","link":"https:\/\/amplitude.mu\/WP\/documentales\/?lang=es","title":{"rendered":"Documentales"},"content":{"rendered":"\n<div class=\"main-content master-section-content no-detect no-padding\">\n<div class=\"container\">\n<div class=\"row\">\n<div class=\"col-md-12 normal-column\">\n\t<div id=\"filter-isotope\" class=\"portfolio-filter\">\n\t\t<div id=\"count-projects\"><span class=\"current-number\">00<\/span><span class=\"num-name\"> \/ R\u00e9r\u00e9rences<\/span><\/div>\n\t\t<ul>\n\t\t\t<li><a href=\"#\" class=\"has-items selected\" data-filter=\"*\">All<\/a><\/li>\n\t\t\t\t\t<li><a href=\"#\" data-filter=\".documentaires\">Documentaires<\/a><\/li>\n\t\t<\/ul>\n\t<\/div>\n<div id=\"portfolio-item-section\" class=\"portfolio-output grid-ly-portfolio classic-module infinite-scroll-pagination\">\n<\/div>\n\t<div class=\"portfolio-infinite-activated infinite-scroll\">\n\t\t<span class=\"preloader\"><\/span>\n\t\t<p class=\"end\">No More Posts<\/p>\n\t\t<a id=\"infinite-link\" href=\"https:\/\/amplitude.mu\/WP\/wp-json\/wp\/v2\/pages\/4617\/page\/2\/\">Load More Posts<\/a>\n\t<\/div>\n<\/div>\n<\/div>\n<\/div>\n<\/div>\n<div class=\"main-content master-section-content no-detect no-padding\">\n<div class=\"container\">\n<div class=\"row\">\n<div class=\"col-md-12 normal-column\">\n\t<div class=\"blank-divider\" style=\"height: 70px;\"><\/div>\n\n<\/div>\n<\/div>\n<\/div>\n<\/div>\n<div class=\"main-content master-section-content no-detect no-padding\">\n<div class=\"container\">\n<div class=\"row\">\n<div class=\"col-md-12 normal-column\">\n<div class=\"text-block start-animated-content az-fade-in\">\n<p style=\"text-align: center;\">s\u00e9rie : <strong>WILDLIFE ADVENTURES<\/strong> (RIDDLE Ron)<br \/>\nS\u00e9rie :\u00a0GLOBAL FAMILY (MITCHELL Bruce &amp; FORBES Harry)<br \/>\nS\u00e9rie :\u00a0WELT DER TIERE (WIEDEMAN Hans)<br \/>\nS\u00e9rie : CLASH OF WINGS, ROYAL AIR FORCE, AIRCRAFT STORIES \u2026\u2026<br \/>\n<strong>(<\/strong>ELLINGHAUS Chip &amp; SLAWSON Grant)<br \/>\nKATRINA WHEN THE LEVEES BROKE (BLANCHARD Terence)<br \/>\ns\u00e9rie : COMING DISASTERS (DEDRICK Christopher)<br \/>\ns\u00e9rie : OCEAN ADVENTURES (GRINSFELDER Dean)<br \/>\ns\u00e9rie : AMAZING DESTINATIONS (BARNETT Charlie)<br \/>\nAUNG SAN SUU KYI (POVL Kristian)<br \/>\nKILLER ANTS (SLEATH Simon)<br \/>\nTHE AL QAEDA CODE (MCGRATH Jim)<br \/>\ns\u00e9rie : DANUBE, A RIVER FOR EUROPE (MAAS Uli)<br \/>\nONE WATER (SLEEPER Thomas)<br \/>\nMANGOUSTES &amp; CO (WILLEM Benjamin)<br \/>\nTHE BLUE REEF ADVENTURES (ARTHUR Joseph Blaine)<br \/>\nOLIVER S TWIST (HAGGERWOOD Leigh)<br \/>\nCHANNEL TUNNEL (PARKER Elizabeth)<br \/>\nSUPERVIVIENTES DEL PLANETA TIERRA ( RAMON Paloma Rubio -SAINZ Carlos Morales )<br \/>\nAMERICA S UNDERWATER TREASURES (GRINSFELDER Dean)<br \/>\n\u0152IL DE L ASTRONOME (MILLER Philippe)<\/p>\n\n<\/div> \n\n<\/div>\n<\/div>\n<\/div>\n<\/div>\n","protected":false},"excerpt":{"rendered":"00 \/ R\u00e9r\u00e9rences All Documentaires No More Posts Load More Posts s\u00e9rie : WILDLIFE ADVENTURES (RIDDLE Ron) S\u00e9rie :\u00a0GLOBAL FAMILY (MITCHELL Bruce &amp; FORBES Harry) S\u00e9rie :\u00a0WELT DER TIERE (WIEDEMAN Hans) S\u00e9rie : CLASH OF WINGS, ROYAL AIR FORCE, AIRCRAFT STORIES \u2026\u2026 (ELLINGHAUS Chip &amp; SLAWSON Grant) KATRINA WHEN THE LEVEES BROKE (BLANCHARD Terence) s\u00e9rie [...]","protected":false},"author":1,"featured_media":0,"parent":0,"menu_order":0,"comment_status":"closed","ping_status":"closed","template":"","meta":[],"_links":{"self":[{"href":"https:\/\/amplitude.mu\/WP\/wp-json\/wp\/v2\/pages\/4617"}],"collection":[{"href":"https:\/\/amplitude.mu\/WP\/wp-json\/wp\/v2\/pages"}],"about":[{"href":"https:\/\/amplitude.mu\/WP\/wp-json\/wp\/v2\/types\/page"}],"author":[{"embeddable":true,"href":"https:\/\/amplitude.mu\/WP\/wp-json\/wp\/v2\/users\/1"}],"replies":[{"embeddable":true,"href":"https:\/\/amplitude.mu\/WP\/wp-json\/wp\/v2\/comments?post=4617"}],"version-history":[{"count":10,"href":"https:\/\/amplitude.mu\/WP\/wp-json\/wp\/v2\/pages\/4617\/revisions"}],"predecessor-version":[{"id":5852,"href":"https:\/\/amplitude.mu\/WP\/wp-json\/wp\/v2\/pages\/4617\/revisions\/5852"}],"wp:attachment":[{"href":"https:\/\/amplitude.mu\/WP\/wp-json\/wp\/v2\/media?parent=4617"}],"curies":[{"name":"wp","href":"https:\/\/api.w.org\/{rel}","templated":true}]}}